{"id":7538,"date":"2017-04-06T10:36:03","date_gmt":"2017-04-06T10:36:03","guid":{"rendered":"http:\/\/maison.edge-themes.com\/?page_id=7538"},"modified":"2024-02-26T14:59:57","modified_gmt":"2024-02-26T14:59:57","slug":"__trashed","status":"publish","type":"page","link":"https:\/\/supercampestrini.com.br\/?page_id=7538","title":{"rendered":"Aviso de privacidade"},"content":{"rendered":"<p>[vc_row][vc_column][vc_column_text]<\/p>\n<h1 style=\"text-align: center;\">AVISO DE PRIVACIDADE<\/h1>\n<p>&nbsp;<\/p>\n<p><strong>O SUPERMERCADO CAMPESTRINI LTDA<\/strong>. se compromete a respeitar e atuar em observ\u00e2ncia aos princ\u00edpios e normativas dispostos pela <strong>Lei n.\u00ba 13.709\/2018 e pela Autoridade Nacional de Prote\u00e7\u00e3o de Dados (ANPD)<\/strong>, sempre adotando as melhores medidas de seguran\u00e7a e realizando o tratamento de dados conforme os limites do presente Aviso de Privacidade.<\/p>\n<p>Informamos que nos termos da Lei Geral De Prote\u00e7\u00e3o de Dados, a coleta e tratamento dos dados coletados obedece aos princ\u00edpios da boa-f\u00e9, finalidade, adequa\u00e7\u00e3o, necessidade, livre acesso, qualidade dos dados, transpar\u00eancia, seguran\u00e7a, preven\u00e7\u00e3o, n\u00e3o discrimina\u00e7\u00e3o bem como responsabiliza\u00e7\u00e3o e presta\u00e7\u00e3o de contas.<\/p>\n<p>Informamos que ao navegar voc\u00ea estar\u00e1 automaticamente concordando com a forma que cuidamos da sua privacidade.<\/p>\n<p><strong>COLETAS DE DADOS<\/strong><\/p>\n<p>Dependendo de como voc\u00ea interage com o site do <strong>SUPERMERCADO CAMPESTRINI LTDA<\/strong> e utiliza nossos produtos e servi\u00e7os, n\u00f3s coletamos alguns tipos de informa\u00e7\u00f5es sobre voc\u00ea, conforme descri\u00e7\u00f5es abaixo:<\/p>\n<p>&#8211; <strong>Chamadas ao Servi\u00e7o de Atendimento ao Consumidor<\/strong>: Comunica\u00e7\u00f5es com Nosso Servi\u00e7o de Atendimento ao Consumidor atrav\u00e9s dos telefones mencionados em nosso site podem ser gravadas, armazenadas atrav\u00e9s de textos, de acordo com as leis aplic\u00e1veis, para necessidades operacionais locais. .<br \/>\n&#8211; <strong>Redes sociais<\/strong> \u2013 N\u00f3s tamb\u00e9m podemos manter contato por meio das redes sociais como Facebook, Instagram, LinkedIn, Twitter, WhatsApp. Caso voc\u00ea esteja vinculado a alguma delas, asseguramos o n\u00e3o uso de imagem e informa\u00e7\u00e3o sem autoriza\u00e7\u00e3o pr\u00e9via.<\/p>\n<p><strong>COMPARTILHAMENTO DE DADOS PESSOAIS<\/strong><\/p>\n<p>Para que seja poss\u00edvel disponibilizar nossos servi\u00e7os, muitas vezes precisaremos compartilhar seus dados pessoais com nossos parceiros de neg\u00f3cios de confian\u00e7a. Sempre que divulgarmos estas informa\u00e7\u00f5es a um terceiro, n\u00f3s exigiremos o cumprimento desta Pol\u00edtica, e estes dever\u00e3o se comprometer a usar os dados pessoais que compartilharmos somente para prestar os servi\u00e7os em nosso nome e a tratar seus dados pessoais de forma estritamente confidencial. Desta maneira, ficamos autorizados a compartilhar seus dados pessoais com outros agentes de tratamento, caso seja necess\u00e1rio para as finalidades listadas nesta Pol\u00edtica, observando os princ\u00edpios e as garantias estabelecidas pela Lei n.\u00ba 13.709\/2018.<\/p>\n<p>Poderemos ainda compartilhar suas informa\u00e7\u00f5es pessoais com \u00d3rg\u00e3os de fiscaliza\u00e7\u00e3o ou \u00f3rg\u00e3os p\u00fablicos, quando estes seguiram os devidos processos legais para solicitar que disponibilizamos as informa\u00e7\u00f5es; investigar poss\u00edveis viola\u00e7\u00f5es das leis aplic\u00e1veis; Detectar, prevenir e dar prote\u00e7\u00e3o contra fraude e qualquer vulnerabilidade t\u00e9cnica ou de seguran\u00e7a; Cumprir leis e regulamentos aplic\u00e1veis, cooperar em eventuais investiga\u00e7\u00f5es l\u00edcitas.<\/p>\n<p><strong>ARMAZENAMENTO<\/strong><\/p>\n<p>N\u00f3s utilizaremos seus Dados Pessoais pelo tempo que for necess\u00e1rio para alcan\u00e7ar as finalidades para as quais eles foram coletados ou para cumprir com obriga\u00e7\u00f5es legais aplic\u00e1veis. Quando deixarem de ser \u00fateis para os fins para os quais foram coletados, ou quando o Titular solicitar sua elimina\u00e7\u00e3o, exceto se a sua manuten\u00e7\u00e3o for expressamente autorizada por lei ou regula\u00e7\u00e3o aplic\u00e1vel, os dados pessoais tratados pelo SUPERMERCADO CAMPESTRINI LTDA. Ser\u00e3o eliminados.<\/p>\n<p>Contudo, as informa\u00e7\u00f5es poder\u00e3o ser conservadas para o cumprimento de obriga\u00e7\u00e3o legal ou regulat\u00f3ria, transfer\u00eancia a terceiro \u2013 desde que respeitados os requisitos de tratamento de dados \u2013 e uso exclusivo do SUPERMERCADO CAMPESTRINI LTDA a, inclusive para o exerc\u00edcio de seus direitos em processos judiciais ou administrativos. Os dados ser\u00e3o armazenados em ambiente seguro, observado o estado da t\u00e9cnica dispon\u00edvel, e somente ser\u00e3o acessados por pessoas qualificadas e autorizadas pelo SUPERMERCADO CAMPESTRINI LTDA. Considerando que nenhum sistema de seguran\u00e7a \u00e9 absolutamente seguro, o SUPERMERCADO CAMPESTRINI LTDA. Se exime de quaisquer responsabilidades por eventuais danos ou preju\u00edzos decorrentes de falhas, v\u00edrus ou invas\u00f5es do banco de dados do site, salvo nos casos de dolo ou culpa por tais eventos.<\/p>\n<p><strong>SEUS DIREITOS<\/strong><\/p>\n<p><strong>O USU\u00c1RIO<\/strong> tem o direito de requerer a retifica\u00e7\u00e3o ou exclus\u00e3o de seus dados de nossos cadastros, de n\u00e3o mais ser contatado pelo SUPERMERCADO CAMPESTRINI LTDA. Solicitar c\u00f3pia das informa\u00e7\u00f5es pessoais que o SUPERMERCADO CAMPESTRINI LTDA. Possui sobre ele, solicitar altera\u00e7\u00f5es em dados cadastrais, informar sobre uso indevido de suas informa\u00e7\u00f5es pessoais, devendo para todas essas atividades entrar em contato atrav\u00e9s do e-mail<strong> protecaodados@supercampestrini.com.br.<\/strong><\/p>\n<p><strong>DAS ALTERA\u00c7\u00d5ES<\/strong><\/p>\n<p>O SUPERMERCADO CAMPESTRINI LTDA se reserva o direito de modificar, a qualquer momento, as presentes normas, ou seja, pela disponibiliza\u00e7\u00e3o de novas funcionalidades, seja pela supress\u00e3o ou modifica\u00e7\u00e3o daquelas j\u00e1 existentes.O usu\u00e1rio ser\u00e1 notificado em caso de altera\u00e7\u00e3o.<\/p>\n<p>Ao utilizar o servi\u00e7o ap\u00f3s eventuais modifica\u00e7\u00f5es, o usu\u00e1rio demonstra sua concord\u00e2ncia com as novas normas. Caso discorde de alguma das modifica\u00e7\u00f5es, dever\u00e1 realizar, imediatamente, a remo\u00e7\u00e3o de sua conta e, se assim o desejar.<\/p>\n<p><strong>DO FORO<\/strong><\/p>\n<p>Para a solu\u00e7\u00e3o das controv\u00e9rsias decorrentes do presente instrumento, ser\u00e1 aplicado integralmente o Direito Brasileiro. Os eventuais lit\u00edgios dever\u00e3o ser apresentados no foro da comarca em que se encontra a sede da matriz do <strong>SUPERMERCADO CAMPESTRINI LTDA.<\/strong><\/p>\n<p><strong>CONTATE-NOS<\/strong><\/p>\n<p>Se voc\u00ea tiver alguma d\u00favida sobre este Aviso de Privacidade, entre em contato atrav\u00e9s da se\u00e7\u00e3o de contatos desta aplica\u00e7\u00e3o, ou diretamente atrav\u00e9s do e-mail:<br \/>\n<strong>protecaodados@supercampestrini.com.br.<\/strong><\/p>\n<p><strong>\u00daltima atualiza\u00e7\u00e3o deste documento:<\/strong> Janeiro 2024[\/vc_column_text][\/vc_column][\/vc_row]<\/p>\n<p>&nbsp;<\/p>\n<p>&nbsp;<\/p>\n","protected":false},"excerpt":{"rendered":"<p>[vc_row][vc_column][vc_column_text] AVISO DE PRIVACIDADE &nbsp; O SUPERMERCADO CAMPESTRINI LTDA. se compromete a respeitar e atuar em observ\u00e2ncia aos princ\u00edpios e normativas dispostos pela Lei n.\u00ba 13.709\/2018 e pela Autoridade Nacional de Prote\u00e7\u00e3o de Dados (ANPD), sempre adotando as melhores medidas [&hellip;]<\/p>\n","protected":false},"author":1,"featured_media":0,"parent":0,"menu_order":0,"comment_status":"closed","ping_status":"closed","template":"","meta":{"footnotes":""},"_links":{"self":[{"href":"https:\/\/supercampestrini.com.br\/index.php?rest_route=\/wp\/v2\/pages\/7538"}],"collection":[{"href":"https:\/\/supercampestrini.com.br\/index.php?rest_route=\/wp\/v2\/pages"}],"about":[{"href":"https:\/\/supercampestrini.com.br\/index.php?rest_route=\/wp\/v2\/types\/page"}],"author":[{"embeddable":true,"href":"https:\/\/supercampestrini.com.br\/index.php?rest_route=\/wp\/v2\/users\/1"}],"replies":[{"embeddable":true,"href":"https:\/\/supercampestrini.com.br\/index.php?rest_route=%2Fwp%2Fv2%2Fcomments&post=7538"}],"version-history":[{"count":14,"href":"https:\/\/supercampestrini.com.br\/index.php?rest_route=\/wp\/v2\/pages\/7538\/revisions"}],"predecessor-version":[{"id":10460,"href":"https:\/\/supercampestrini.com.br\/index.php?rest_route=\/wp\/v2\/pages\/7538\/revisions\/10460"}],"wp:attachment":[{"href":"https:\/\/supercampestrini.com.br\/index.php?rest_route=%2Fwp%2Fv2%2Fmedia&parent=7538"}],"curies":[{"name":"wp","href":"https:\/\/api.w.org\/{rel}","templated":true}]}}